{"id":11641,"date":"2025-02-27T13:08:30","date_gmt":"2025-02-27T16:08:30","guid":{"rendered":"https:\/\/gacitua.cl\/?page_id=11641"},"modified":"2025-02-27T13:08:31","modified_gmt":"2025-02-27T16:08:31","slug":"terminos-y-condiciones","status":"publish","type":"page","link":"https:\/\/gacitua.cl\/?page_id=11641","title":{"rendered":"T\u00e9rminos y Condiciones"},"content":{"rendered":"\n<figure class=\"wp-block-image size-large is-resized\"><img fetchpriority=\"high\" decoding=\"async\" width=\"2560\" height=\"1439\" src=\"https:\/\/gacitua.cl\/wp-content\/uploads\/2025\/02\/closeup-woman-writing-sheet-paper-edited-scaled.jpg\" alt=\"\" class=\"wp-image-11643\" style=\"width:967px;height:auto\" srcset=\"https:\/\/gacitua.cl\/wp-content\/uploads\/2025\/02\/closeup-woman-writing-sheet-paper-edited-scaled.jpg 2560w, https:\/\/gacitua.cl\/wp-content\/uploads\/2025\/02\/closeup-woman-writing-sheet-paper-edited-300x169.jpg 300w, https:\/\/gacitua.cl\/wp-content\/uploads\/2025\/02\/closeup-woman-writing-sheet-paper-edited-1024x576.jpg 1024w, https:\/\/gacitua.cl\/wp-content\/uploads\/2025\/02\/closeup-woman-writing-sheet-paper-edited-768x432.jpg 768w, https:\/\/gacitua.cl\/wp-content\/uploads\/2025\/02\/closeup-woman-writing-sheet-paper-edited-1536x863.jpg 1536w, https:\/\/gacitua.cl\/wp-content\/uploads\/2025\/02\/closeup-woman-writing-sheet-paper-edited-2048x1151.jpg 2048w, https:\/\/gacitua.cl\/wp-content\/uploads\/2025\/02\/closeup-woman-writing-sheet-paper-edited-18x10.jpg 18w, https:\/\/gacitua.cl\/wp-content\/uploads\/2025\/02\/closeup-woman-writing-sheet-paper-edited-600x337.jpg 600w\" sizes=\"(max-width: 2560px) 100vw, 2560px\" \/><\/figure>\n\n\n\n<p>C\u00f3mo Comprar:<br>Para hacer compras deber\u00e1 seguir los siguiente pasos:<br>1. Navegue a lo largo del sitio Web para identificar los productos que desea. <br>2. Para aquellos productos que poseen distintas variedades (ej. Altura) debe seleccionar el producto espec\u00edfico deseado.<br>3. Confirmar la cantidad e incorporar el producto al carrito de compras (Click en boton &#8220;Cotizar&#8221;)<br>4. Una vez incorporado todos los productos, ingresar al carrito de compras, verificar que se encuentran todos los productos requeridos y hacer click en boton &#8220;cotizar&#8221;. <br>5. Completar los datos de &#8220;Detalles de Facturaci\u00f3n&#8221; e &#8220;Informaci\u00f3n Adicional&#8221; y hacer click en &#8220;cotizar&#8221;<br>6. En el plazo de 2 d\u00edas, nuestro equipo de ventas le enviar\u00e1 una cotizaci\u00f3n al correo electr\u00f3nico ingresado, junto con cualquier otra informaci\u00f3n adicional requerida. <br>7. En caso de aprobar la cotizaci\u00f3n, dar aprobaci\u00f3n de cotizaci\u00f3n y realizar el pago por los productos comprados.<\/p>\n\n\n\n<p><\/p>\n","protected":false},"excerpt":{"rendered":"<p>C\u00f3mo Comprar:Para hacer compras deber\u00e1 seguir los siguiente pasos:1. Navegue a lo largo del sitio Web para identificar los productos que desea. 2. Para aquellos productos que poseen distintas variedades (ej. Altura) debe seleccionar el producto espec\u00edfico deseado.3. Confirmar la cantidad e incorporar el producto al carrito de compras (Click en boton &#8220;Cotizar&#8221;)4. Una vez [&hellip;]<\/p>\n","protected":false},"author":2,"featured_media":0,"parent":0,"menu_order":0,"comment_status":"closed","ping_status":"closed","template":"","meta":{"footnotes":""},"class_list":["post-11641","page","type-page","status-publish","hentry"],"_links":{"self":[{"href":"https:\/\/gacitua.cl\/index.php?rest_route=\/wp\/v2\/pages\/11641","targetHints":{"allow":["GET"]}}],"collection":[{"href":"https:\/\/gacitua.cl\/index.php?rest_route=\/wp\/v2\/pages"}],"about":[{"href":"https:\/\/gacitua.cl\/index.php?rest_route=\/wp\/v2\/types\/page"}],"author":[{"embeddable":true,"href":"https:\/\/gacitua.cl\/index.php?rest_route=\/wp\/v2\/users\/2"}],"replies":[{"embeddable":true,"href":"https:\/\/gacitua.cl\/index.php?rest_route=%2Fwp%2Fv2%2Fcomments&post=11641"}],"version-history":[{"count":2,"href":"https:\/\/gacitua.cl\/index.php?rest_route=\/wp\/v2\/pages\/11641\/revisions"}],"predecessor-version":[{"id":11645,"href":"https:\/\/gacitua.cl\/index.php?rest_route=\/wp\/v2\/pages\/11641\/revisions\/11645"}],"wp:attachment":[{"href":"https:\/\/gacitua.cl\/index.php?rest_route=%2Fwp%2Fv2%2Fmedia&parent=11641"}],"curies":[{"name":"wp","href":"https:\/\/api.w.org\/{rel}","templated":true}]}}