{"id":11237,"date":"2024-08-28T20:10:58","date_gmt":"2024-08-29T00:10:58","guid":{"rendered":"https:\/\/gacitua.cl\/?post_type=product&#038;p=11237"},"modified":"2025-02-24T12:26:18","modified_gmt":"2025-02-24T15:26:18","slug":"mesa-kinder-trapezoidal","status":"publish","type":"product","link":"https:\/\/gacitua.cl\/?product=mesa-kinder-trapezoidal","title":{"rendered":"Mesa Kinder (Prekinder) Trapezoidal"},"content":{"rendered":"<p>Mesa kinder \/ Prekinder trapezoidal de 80&#215;42 cms, cubierta terciado de 12mm enchapado en formalita con puntas redondas, canto pulidos y barnizados. Cubierta atornillada sin remaches a la vista. Estructura zincada en tubo de acero 11\/4&#8243;\u00d71.5 para patas, perfil 40\u00d720 para travesa\u00f1os, regatones plasticos.<\/p>\n<p>Disponible en distintos colores de cubierta y estructura esmaltada o cromada<\/p>\n<p>&nbsp;<\/p>\n","protected":false},"excerpt":{"rendered":"<p>Mesa kinder \/ Prekinder trapezoidal de 80&#215;42 cms, cubierta terciado de 12mm enchapado en formalita con puntas redondas, canto pulidos y barnizados. Cubierta atornillada sin remaches a la vista. Estructura zincada en tubo de acero 11\/4&#8243;\u00d71.5 para patas, perfil 40\u00d720 para travesa\u00f1os, regatones plasticos.<\/p>\n<p>Disponible en distintos colores de cubierta y estructura esmaltada o cromada<\/p>\n<p>&nbsp;<\/p>\n","protected":false},"featured_media":11238,"template":"","meta":[],"product_cat":[72,74],"product_tag":[],"class_list":{"0":"post-11237","1":"product","2":"type-product","3":"status-publish","4":"has-post-thumbnail","6":"product_cat-colegios","7":"product_cat-pupitres","9":"first","10":"instock","11":"taxable","12":"shipping-taxable","13":"purchasable","14":"product-type-variable"},"_links":{"self":[{"href":"https:\/\/gacitua.cl\/index.php?rest_route=\/wp\/v2\/product\/11237","targetHints":{"allow":["GET"]}}],"collection":[{"href":"https:\/\/gacitua.cl\/index.php?rest_route=\/wp\/v2\/product"}],"about":[{"href":"https:\/\/gacitua.cl\/index.php?rest_route=\/wp\/v2\/types\/product"}],"wp:featuredmedia":[{"embeddable":true,"href":"https:\/\/gacitua.cl\/index.php?rest_route=\/wp\/v2\/media\/11238"}],"wp:attachment":[{"href":"https:\/\/gacitua.cl\/index.php?rest_route=%2Fwp%2Fv2%2Fmedia&parent=11237"}],"wp:term":[{"taxonomy":"product_cat","embeddable":true,"href":"https:\/\/gacitua.cl\/index.php?rest_route=%2Fwp%2Fv2%2Fproduct_cat&post=11237"},{"taxonomy":"product_tag","embeddable":true,"href":"https:\/\/gacitua.cl\/index.php?rest_route=%2Fwp%2Fv2%2Fproduct_tag&post=11237"}],"curies":[{"name":"wp","href":"https:\/\/api.w.org\/{rel}","templated":true}]}}